{"id":88,"date":"2023-11-08T11:46:17","date_gmt":"2023-11-08T08:46:17","guid":{"rendered":"http:\/\/maydonozdoner.beemessenger.com\/index.php\/urun\/acili-sarimsakli-mayonez-sos\/"},"modified":"2023-11-17T23:08:36","modified_gmt":"2023-11-17T20:08:36","slug":"acili-sarimsakli-mayonez-sos","status":"publish","type":"product","link":"https:\/\/maydonozdoner.beemessenger.com\/index.php\/urun\/acili-sarimsakli-mayonez-sos\/","title":{"rendered":"Ac\u0131l\u0131 Sar\u0131msakl\u0131 Mayonez Sos"},"content":{"rendered":"","protected":false},"excerpt":{"rendered":"","protected":false},"featured_media":58,"comment_status":"open","ping_status":"closed","template":"","meta":[],"product_cat":[22],"product_tag":[],"class_list":["post-88","product","type-product","status-publish","has-post-thumbnail","hentry","product_cat-soslar"],"_links":{"self":[{"href":"https:\/\/maydonozdoner.beemessenger.com\/index.php\/wp-json\/wp\/v2\/product\/88","targetHints":{"allow":["GET"]}}],"collection":[{"href":"https:\/\/maydonozdoner.beemessenger.com\/index.php\/wp-json\/wp\/v2\/product"}],"about":[{"href":"https:\/\/maydonozdoner.beemessenger.com\/index.php\/wp-json\/wp\/v2\/types\/product"}],"replies":[{"embeddable":true,"href":"https:\/\/maydonozdoner.beemessenger.com\/index.php\/wp-json\/wp\/v2\/comments?post=88"}],"wp:featuredmedia":[{"embeddable":true,"href":"https:\/\/maydonozdoner.beemessenger.com\/index.php\/wp-json\/wp\/v2\/media\/58"}],"wp:attachment":[{"href":"https:\/\/maydonozdoner.beemessenger.com\/index.php\/wp-json\/wp\/v2\/media?parent=88"}],"wp:term":[{"taxonomy":"product_cat","embeddable":true,"href":"https:\/\/maydonozdoner.beemessenger.com\/index.php\/wp-json\/wp\/v2\/product_cat?post=88"},{"taxonomy":"product_tag","embeddable":true,"href":"https:\/\/maydonozdoner.beemessenger.com\/index.php\/wp-json\/wp\/v2\/product_tag?post=88"}],"curies":[{"name":"wp","href":"https:\/\/api.w.org\/{rel}","templated":true}]}}