{"id":75,"date":"2023-11-08T11:46:17","date_gmt":"2023-11-08T08:46:17","guid":{"rendered":"http:\/\/maydonozdoner.beemessenger.com\/index.php\/urun\/et-doner-large-durum-45-cm\/"},"modified":"2023-11-17T23:05:03","modified_gmt":"2023-11-17T20:05:03","slug":"tavuk-doner-large-durum-45-cm-2","status":"publish","type":"product","link":"https:\/\/maydonozdoner.beemessenger.com\/index.php\/urun\/tavuk-doner-large-durum-45-cm-2\/","title":{"rendered":"Tavuk D\u00f6ner Large D\u00fcr\u00fcm Men\u00fc"},"content":{"rendered":"<p>\u00d6zel f\u0131r\u0131n lava\u015f (1.5 adet), et d\u00f6ner (100 g), patates k\u0131zartmas\u0131, salatal\u0131k tur\u015fusu, \u00f6zel sos, tercihe g\u00f6re so\u011fan, sar\u0131msakl\u0131 mayonez sos ve cin biberi ile<\/p>\n","protected":false},"excerpt":{"rendered":"<p>\u00d6zel f\u0131r\u0131n lava\u015f (1.5 adet), et d\u00f6ner (100 g), patates k\u0131zartmas\u0131, salatal\u0131k tur\u015fusu, \u00f6zel sos, tercihe g\u00f6re so\u011fan, sar\u0131msakl\u0131 mayonez sos ve cin biberi ile<\/p>\n","protected":false},"featured_media":149,"comment_status":"open","ping_status":"closed","template":"","meta":[],"product_cat":[19],"product_tag":[],"class_list":["post-75","product","type-product","status-publish","has-post-thumbnail","hentry","product_cat-tavuk-doner-durum","fb_product_set-tavuk-doner-durum"],"_links":{"self":[{"href":"https:\/\/maydonozdoner.beemessenger.com\/index.php\/wp-json\/wp\/v2\/product\/75","targetHints":{"allow":["GET"]}}],"collection":[{"href":"https:\/\/maydonozdoner.beemessenger.com\/index.php\/wp-json\/wp\/v2\/product"}],"about":[{"href":"https:\/\/maydonozdoner.beemessenger.com\/index.php\/wp-json\/wp\/v2\/types\/product"}],"replies":[{"embeddable":true,"href":"https:\/\/maydonozdoner.beemessenger.com\/index.php\/wp-json\/wp\/v2\/comments?post=75"}],"wp:featuredmedia":[{"embeddable":true,"href":"https:\/\/maydonozdoner.beemessenger.com\/index.php\/wp-json\/wp\/v2\/media\/149"}],"wp:attachment":[{"href":"https:\/\/maydonozdoner.beemessenger.com\/index.php\/wp-json\/wp\/v2\/media?parent=75"}],"wp:term":[{"taxonomy":"product_cat","embeddable":true,"href":"https:\/\/maydonozdoner.beemessenger.com\/index.php\/wp-json\/wp\/v2\/product_cat?post=75"},{"taxonomy":"product_tag","embeddable":true,"href":"https:\/\/maydonozdoner.beemessenger.com\/index.php\/wp-json\/wp\/v2\/product_tag?post=75"}],"curies":[{"name":"wp","href":"https:\/\/api.w.org\/{rel}","templated":true}]}}