{"id":101,"date":"2023-11-08T11:46:18","date_gmt":"2023-11-08T08:46:18","guid":{"rendered":"http:\/\/maydonozdoner.beemessenger.com\/index.php\/urun\/2li-kulah-patates-kizartmasi\/"},"modified":"2023-11-17T23:08:10","modified_gmt":"2023-11-17T20:08:10","slug":"2li-kulah-patates-kizartmasi","status":"publish","type":"product","link":"https:\/\/maydonozdoner.beemessenger.com\/index.php\/urun\/2li-kulah-patates-kizartmasi\/","title":{"rendered":"2&#8217;li K\u00fclah Patates K\u0131zartmas\u0131"},"content":{"rendered":"","protected":false},"excerpt":{"rendered":"","protected":false},"featured_media":70,"comment_status":"open","ping_status":"closed","template":"","meta":[],"product_cat":[24],"product_tag":[],"class_list":["post-101","product","type-product","status-publish","has-post-thumbnail","hentry","product_cat-yan-lezzet","fb_product_set-yan-lezzet"],"_links":{"self":[{"href":"https:\/\/maydonozdoner.beemessenger.com\/index.php\/wp-json\/wp\/v2\/product\/101","targetHints":{"allow":["GET"]}}],"collection":[{"href":"https:\/\/maydonozdoner.beemessenger.com\/index.php\/wp-json\/wp\/v2\/product"}],"about":[{"href":"https:\/\/maydonozdoner.beemessenger.com\/index.php\/wp-json\/wp\/v2\/types\/product"}],"replies":[{"embeddable":true,"href":"https:\/\/maydonozdoner.beemessenger.com\/index.php\/wp-json\/wp\/v2\/comments?post=101"}],"wp:featuredmedia":[{"embeddable":true,"href":"https:\/\/maydonozdoner.beemessenger.com\/index.php\/wp-json\/wp\/v2\/media\/70"}],"wp:attachment":[{"href":"https:\/\/maydonozdoner.beemessenger.com\/index.php\/wp-json\/wp\/v2\/media?parent=101"}],"wp:term":[{"taxonomy":"product_cat","embeddable":true,"href":"https:\/\/maydonozdoner.beemessenger.com\/index.php\/wp-json\/wp\/v2\/product_cat?post=101"},{"taxonomy":"product_tag","embeddable":true,"href":"https:\/\/maydonozdoner.beemessenger.com\/index.php\/wp-json\/wp\/v2\/product_tag?post=101"}],"curies":[{"name":"wp","href":"https:\/\/api.w.org\/{rel}","templated":true}]}}